{"id":37223610880,"date":"2022-09-23T20:00:11","date_gmt":"2022-09-24T00:00:11","guid":{"rendered":"https:\/\/iningatilagiit.ca\/nous-joindre\/"},"modified":"2024-02-16T18:43:47","modified_gmt":"2024-02-16T23:43:47","slug":"nous-joindre","status":"publish","type":"page","link":"https:\/\/iningatilagiit.ca\/fr\/nous-joindre\/","title":{"rendered":"Nous Joindre"},"content":{"rendered":"\n<p>Faites-nous part de vos commentaires&nbsp;! Positifs ou n\u00e9gatifs, nous prendrons votre opinion en consid\u00e9ration afin d\u2019assurer que tous les utilisateurs trouvent leur place. Veuillez utilisez les formulaires ci-dessous pour nous faire part de vos commentaires, questions et pr\u00e9occupations.<\/p>\n\n\n\n<p>NOTE&nbsp;:&nbsp;Vos commentaires seront achemin\u00e9s au Mus\u00e9e canadien de l\u2019histoire (MCH) qui est responsable du Mus\u00e9e num\u00e9riques Canada (MNC) dans le cadre de son \u00e9tude des publics. Pour plus de renseignements, consultez&nbsp;<a role=\"link\" href=\"https:\/\/www.museesnumeriques.ca\/avis\/\" target=\"_blank\" rel=\"noreferrer noopener\">la politique de confidentialit\u00e9 du MNC<\/a>.<\/p>\n\n\n\n<p>Internet est une tribune publique et des renseignements \u00e9lectroniques peuvent \u00eatre intercept\u00e9s. Pour des raisons de s\u00e9curit\u00e9 et de confidentialit\u00e9, nous vous demandons de ne pas nous envoyer des renseignements personnels ou confidentiels comme votre num\u00e9ro d\u2019assurance sociale (NAS) ou votre adresse de r\u00e9sidence ou d\u2019entreprise.<\/p>\n\n\n\n<div class=\"wp-block-columns is-layout-flex wp-container-core-columns-is-layout-9d6595d7 wp-block-columns-is-layout-flex\" id=\"feedbackform\">\n<div class=\"wp-block-column is-layout-flow wp-block-column-is-layout-flow\" id=\"feedbackform\"><div class=\"everest-forms\"><div class=\"evf-container default\" id=\"evf-37223577949\"><form id=\"evf-form-37223577949\" class=\"everest-form\" data-formid=\"37223577949\" data-ajax_submission=\"0\" data-keyboard_friendly_form=\"0\" data-form_state_type=\"\" method=\"post\" enctype=\"multipart\/form-data\" action=\"\/fr\/wp-json\/wp\/v2\/pages\/37223610880\"><div class=\"evf-title-container\"><div class=\"everest-forms--title\">Formulaire de r\u00e9troaction<\/div><div class=\"everest-forms--description\"> <\/div><\/div><div class=\"evf-field-container\"><input type=\"hidden\" id=\"_wpnonce37223577949\" name=\"_wpnonce37223577949\" value=\"fd480940ef\" \/><input type=\"hidden\" name=\"_wp_http_referer\" value=\"\/fr\/wp-json\/wp\/v2\/pages\/37223610880\" \/><div class=\"evf-frontend-row\" data-row=\"row_1\" conditional_rules=\"[]\"><div class=\"evf-frontend-grid evf-grid-1\" data-grid=\"grid_1\"><div id=\"evf-37223577949-field_ys0GeZISRs-1-container\" class=\"evf-field evf-field-first-name form-row validate-required\" data-required-field-message=\"Required\" data-field-id=\"ys0GeZISRs-1\"><label class=\"evf-field-label\" for=\"evf-37223577949-field_ys0GeZISRs-1\"><span class=\"evf-label\">Nom (obligatoire)<\/span> <abbr class=\"required\" title=\"N\u00e9cessaire\">*<\/abbr><\/label><input type=\"text\" id=\"evf-37223577949-field_ys0GeZISRs-1\" class=\"input-text\" name=\"everest_forms[form_fields][ys0GeZISRs-1]\" required\/><\/div><div id=\"evf-37223577949-field_LbH5NxasXM-2-container\" class=\"evf-field evf-field-email form-row validate-required validate-email\" data-required-field-message=\"Please enter a valid email address.\" data-field-id=\"LbH5NxasXM-2\"><label class=\"evf-field-label\" for=\"evf-37223577949-field_LbH5NxasXM-2\"><span class=\"evf-label\">Courriel (obligatoire)<\/span> <abbr class=\"required\" title=\"N\u00e9cessaire\">*<\/abbr><\/label><input type=\"email\" id=\"evf-37223577949-field_LbH5NxasXM-2\" class=\"input-text\" name=\"everest_forms[form_fields][LbH5NxasXM-2]\" required\/><\/div><div id=\"evf-37223577949-field_66FR384cge-3-container\" class=\"evf-field evf-field-text form-row validate-required\" data-required-field-message=\"Required\" data-field-id=\"66FR384cge-3\"><label class=\"evf-field-label\" for=\"evf-37223577949-field_66FR384cge-3\"><span class=\"evf-label\">Sujet (obligatoire)<\/span> <abbr class=\"required\" title=\"N\u00e9cessaire\">*<\/abbr><\/label><input type=\"text\" id=\"evf-37223577949-field_66FR384cge-3\" class=\"input-text\" name=\"everest_forms[form_fields][66FR384cge-3]\" required\/><\/div><div id=\"evf-37223577949-field_yhGx3FOwr2-4-container\" class=\"evf-field evf-field-textarea form-row validate-required\" data-required-field-message=\"This field is required.\" data-field-id=\"yhGx3FOwr2-4\"><label class=\"evf-field-label\" for=\"evf-37223577949-field_yhGx3FOwr2-4\"><span class=\"evf-label\">Commentaires (obligatoire)<\/span> <abbr class=\"required\" title=\"N\u00e9cessaire\">*<\/abbr><\/label><textarea id=\"evf-37223577949-field_yhGx3FOwr2-4\" class=\"input-text\" name=\"everest_forms[form_fields][yhGx3FOwr2-4]\" required><\/textarea><\/div><\/div><\/div><\/div><div class=\"evf-honeypot-container evf-field-hp\"><label for=\"evf-37223577949-field-hp\" class=\"evf-field-label\">Comment<\/label><input type=\"text\" name=\"everest_forms[hp]\" id=\"evf-37223577949-field-hp\" class=\"input-text\"\/><\/div><div class=\"evf-submit-container \"><input type=\"hidden\" name=\"everest_forms[id]\" value=\"37223577949\"\/><input type=\"hidden\" name=\"everest_forms[author]\" value=\"1\"\/><button type='submit' name='everest_forms[submit]' class='everest-forms-submit-button button evf-submit ' id='evf-submit-37223577949' value='evf-submit' data-process-text=\"Processing\u2026\" conditional_rules='&quot;&quot;' conditional_id='evf-submit-37223577949'  id=\"evf-submit-37223577949\" aria-live=\"assertive\">Envoyer<\/button><\/div><\/form><\/div><!-- .evf-container --><\/div><\/div>\n<\/div>\n\n\n\n<div class=\"wp-block-columns is-layout-flex wp-container-core-columns-is-layout-9d6595d7 wp-block-columns-is-layout-flex\" id=\"errorform\">\n<div class=\"wp-block-column is-layout-flow wp-block-column-is-layout-flow\" id=\"errorreport\"><div class=\"everest-forms\"><div class=\"evf-container default\" id=\"evf-37223577971\"><form id=\"evf-form-37223577971\" class=\"everest-form\" data-formid=\"37223577971\" data-ajax_submission=\"0\" data-keyboard_friendly_form=\"0\" data-form_state_type=\"\" method=\"post\" enctype=\"multipart\/form-data\" action=\"\/fr\/wp-json\/wp\/v2\/pages\/37223610880\"><div class=\"evf-title-container\"><div class=\"everest-forms--title\">Formulaire de relev\u00e9 d\u2019erreurs<\/div><div class=\"everest-forms--description\"> <\/div><\/div><div class=\"evf-field-container\"><input type=\"hidden\" id=\"_wpnonce37223577971\" name=\"_wpnonce37223577971\" value=\"fd480940ef\" \/><input type=\"hidden\" name=\"_wp_http_referer\" value=\"\/fr\/wp-json\/wp\/v2\/pages\/37223610880\" \/><div class=\"evf-frontend-row\" data-row=\"row_1\" conditional_rules=\"[]\"><div class=\"evf-frontend-grid evf-grid-1\" data-grid=\"grid_1\"><div id=\"evf-37223577971-field_lVizlNhYus-1-container\" class=\"evf-field evf-field-text form-row validate-required\" data-required-field-message=\"This field is required.\" data-field-id=\"lVizlNhYus-1\"><label class=\"evf-field-label\" for=\"evf-37223577971-field_lVizlNhYus-1\"><span class=\"evf-label\">Nom (obligatoire)<\/span> <abbr class=\"required\" title=\"N\u00e9cessaire\">*<\/abbr><\/label><input type=\"text\" id=\"evf-37223577971-field_lVizlNhYus-1\" class=\"input-text\" name=\"everest_forms[form_fields][lVizlNhYus-1]\" required\/><\/div><div id=\"evf-37223577971-field_XYnMdkQDKM-3-container\" class=\"evf-field evf-field-email form-row validate-required validate-email\" data-required-field-message=\"Please enter a valid email address.\" data-field-id=\"XYnMdkQDKM-3\"><label class=\"evf-field-label\" for=\"evf-37223577971-field_XYnMdkQDKM-3\"><span class=\"evf-label\">Courriel (obligatoire)<\/span> <abbr class=\"required\" title=\"N\u00e9cessaire\">*<\/abbr><\/label><input type=\"email\" id=\"evf-37223577971-field_XYnMdkQDKM-3\" class=\"input-text\" name=\"everest_forms[form_fields][XYnMdkQDKM-3]\" required\/><\/div><div id=\"evf-37223577971-field_5r6KrOi4nf-14-container\" class=\"evf-field evf-field-checkbox form-row everest-forms-list-3-columns\" data-field-id=\"5r6KrOi4nf-14\"><label class=\"evf-field-label\" for=\"evf-37223577971-field_5r6KrOi4nf-14\"><span class=\"evf-label\">Nature de l\u2019erreur (obligatoire)<\/span> <\/label><ul id=\"evf-37223577971-field_5r6KrOi4nf-14\"><li class=\"choice-1 depth-1\"><input type=\"checkbox\" id=\"evf-37223577971-field_5r6KrOi4nf-14_1\" class=\"input-text\" name=\"everest_forms[form_fields][5r6KrOi4nf-14][]\" value=\"Website Error: site crash, broken link, sign in issue, etc.\"\/><label class=\"everest-forms-field-label-inline\" for=\"evf-37223577971-field_5r6KrOi4nf-14_1\">Erreur du site Web : panne du site, lien bris\u00e9, ouverture de session, etc.<\/label><\/li><li class=\"choice-2 depth-1\"><input type=\"checkbox\" id=\"evf-37223577971-field_5r6KrOi4nf-14_2\" class=\"input-text\" name=\"everest_forms[form_fields][5r6KrOi4nf-14][]\" value=\"Content Error: spelling mistake, artwork information, offensive comment, etc.\"\/><label class=\"everest-forms-field-label-inline\" for=\"evf-37223577971-field_5r6KrOi4nf-14_2\">Erreur de contenu : faute d\u2019orthographe, renseignement sur une \u0153uvre d\u2019art, commentaire injurieux, etc.<\/label><\/li><li class=\"choice-3 depth-1\"><input type=\"checkbox\" id=\"evf-37223577971-field_5r6KrOi4nf-14_3\" class=\"input-text\" name=\"everest_forms[form_fields][5r6KrOi4nf-14][]\" value=\"Other Error: not contained in previous options\"\/><label class=\"everest-forms-field-label-inline\" for=\"evf-37223577971-field_5r6KrOi4nf-14_3\">Autre<\/label><\/li><\/ul><\/div><div id=\"evf-37223577971-field_YalaPcQ0DO-4-container\" class=\"evf-field evf-field-textarea form-row validate-required\" data-required-field-message=\"This field is required.\" data-field-id=\"YalaPcQ0DO-4\"><label class=\"evf-field-label\" for=\"evf-37223577971-field_YalaPcQ0DO-4\"><span class=\"evf-label\">Commentaires (obligatoire)<\/span> <abbr class=\"required\" title=\"N\u00e9cessaire\">*<\/abbr><\/label><textarea id=\"evf-37223577971-field_YalaPcQ0DO-4\" class=\"input-text\" name=\"everest_forms[form_fields][YalaPcQ0DO-4]\" required><\/textarea><\/div><\/div><\/div><\/div><div class=\"evf-honeypot-container evf-field-hp\"><label for=\"evf-37223577971-field-hp\" class=\"evf-field-label\">Phone<\/label><input type=\"text\" name=\"everest_forms[hp]\" id=\"evf-37223577971-field-hp\" class=\"input-text\"\/><\/div><div class=\"evf-submit-container \"><input type=\"hidden\" name=\"everest_forms[id]\" value=\"37223577971\"\/><input type=\"hidden\" name=\"everest_forms[author]\" value=\"1\"\/><button type='submit' name='everest_forms[submit]' class='everest-forms-submit-button button evf-submit ' id='evf-submit-37223577971' value='evf-submit' data-process-text=\"Processing\u2026\" conditional_rules='&quot;&quot;' conditional_id='evf-submit-37223577971'  id=\"evf-submit-37223577971\" aria-live=\"assertive\">Envoyer<\/button><\/div><\/form><\/div><!-- .evf-container --><\/div><\/div>\n<\/div>\n\n\n\n\n","protected":false},"excerpt":{"rendered":"<p>Faites-nous part de vos commentaires&nbsp;! Positifs ou n\u00e9gatifs, nous prendrons votre opinion en consid\u00e9ration afin d\u2019assurer que tous les utilisateurs trouvent leur place. Veuillez utilisez les formulaires ci-dessous pour nous faire part de vos commentaires, questions et pr\u00e9occupations. NOTE&nbsp;:&nbsp;Vos commentaires seront achemin\u00e9s au Mus\u00e9e canadien de l\u2019histoire (MCH) qui est responsable du Mus\u00e9e num\u00e9riques Canada [&hellip;]<\/p>\n","protected":false},"author":1,"featured_media":0,"parent":0,"menu_order":0,"comment_status":"closed","ping_status":"closed","template":"","meta":{"footnotes":""},"class_list":["post-37223610880","page","type-page","status-publish","hentry"],"yoast_head":"<!-- This site is optimized with the Yoast SEO plugin v27.1.1 - https:\/\/yoast.com\/product\/yoast-seo-wordpress\/ -->\n<title>Nous Joindre | \u1403\u14c2\u1593\u1466 \u1403\u14da\u148c\u1466 Iningat Ilagiit<\/title>\n<meta name=\"robots\" content=\"index, follow, max-snippet:-1, max-image-preview:large, max-video-preview:-1\" \/>\n<link rel=\"canonical\" href=\"https:\/\/iningatilagiit.ca\/fr\/nous-joindre\/\" \/>\n<meta property=\"og:locale\" content=\"fr_FR\" \/>\n<meta property=\"og:type\" content=\"article\" \/>\n<meta property=\"og:title\" content=\"Nous Joindre | \u1403\u14c2\u1593\u1466 \u1403\u14da\u148c\u1466 Iningat Ilagiit\" \/>\n<meta property=\"og:description\" content=\"Faites-nous part de vos commentaires&nbsp;! Positifs ou n\u00e9gatifs, nous prendrons votre opinion en consid\u00e9ration afin d\u2019assurer que tous les utilisateurs trouvent leur place. Veuillez utilisez les formulaires ci-dessous pour nous faire part de vos commentaires, questions et pr\u00e9occupations. NOTE&nbsp;:&nbsp;Vos commentaires seront achemin\u00e9s au Mus\u00e9e canadien de l\u2019histoire (MCH) qui est responsable du Mus\u00e9e num\u00e9riques Canada [&hellip;]\" \/>\n<meta property=\"og:url\" content=\"https:\/\/iningatilagiit.ca\/fr\/nous-joindre\/\" \/>\n<meta property=\"og:site_name\" content=\"\u1403\u14c2\u1593\u1466 \u1403\u14da\u148c\u1466 Iningat Ilagiit\" \/>\n<meta property=\"article:modified_time\" content=\"2024-02-16T23:43:47+00:00\" \/>\n<meta name=\"twitter:card\" content=\"summary_large_image\" \/>\n<meta name=\"twitter:label1\" content=\"Dur\u00e9e de lecture estim\u00e9e\" \/>\n\t<meta name=\"twitter:data1\" content=\"1 minute\" \/>\n<script type=\"application\/ld+json\" class=\"yoast-schema-graph\">{\"@context\":\"https:\/\/schema.org\",\"@graph\":[{\"@type\":\"WebPage\",\"@id\":\"https:\/\/iningatilagiit.ca\/fr\/nous-joindre\/\",\"url\":\"https:\/\/iningatilagiit.ca\/fr\/nous-joindre\/\",\"name\":\"Nous Joindre | \u1403\u14c2\u1593\u1466 \u1403\u14da\u148c\u1466 Iningat Ilagiit\",\"isPartOf\":{\"@id\":\"https:\/\/iningatilagiit.ca\/fr\/#website\"},\"datePublished\":\"2022-09-24T00:00:11+00:00\",\"dateModified\":\"2024-02-16T23:43:47+00:00\",\"breadcrumb\":{\"@id\":\"https:\/\/iningatilagiit.ca\/fr\/nous-joindre\/#breadcrumb\"},\"inLanguage\":\"fr-FR\",\"potentialAction\":[{\"@type\":\"ReadAction\",\"target\":[\"https:\/\/iningatilagiit.ca\/fr\/nous-joindre\/\"]}]},{\"@type\":\"BreadcrumbList\",\"@id\":\"https:\/\/iningatilagiit.ca\/fr\/nous-joindre\/#breadcrumb\",\"itemListElement\":[{\"@type\":\"ListItem\",\"position\":1,\"name\":\"Home\",\"item\":\"https:\/\/iningatilagiit.ca\/fr\/\"},{\"@type\":\"ListItem\",\"position\":2,\"name\":\"Nous Joindre\"}]},{\"@type\":\"WebSite\",\"@id\":\"https:\/\/iningatilagiit.ca\/fr\/#website\",\"url\":\"https:\/\/iningatilagiit.ca\/fr\/\",\"name\":\"\u1403\u14c2\u1593\u1466 \u1403\u14da\u148c\u1466 Iningat Ilagiit\",\"description\":\"Connecting through the Cape Dorset Archive\",\"publisher\":{\"@id\":\"https:\/\/iningatilagiit.ca\/fr\/#organization\"},\"potentialAction\":[{\"@type\":\"SearchAction\",\"target\":{\"@type\":\"EntryPoint\",\"urlTemplate\":\"https:\/\/iningatilagiit.ca\/fr\/?s={search_term_string}\"},\"query-input\":{\"@type\":\"PropertyValueSpecification\",\"valueRequired\":true,\"valueName\":\"search_term_string\"}}],\"inLanguage\":\"fr-FR\"},{\"@type\":\"Organization\",\"@id\":\"https:\/\/iningatilagiit.ca\/fr\/#organization\",\"name\":\"\u1403\u14c2\u1593\u1466 \u1403\u14da\u148c\u1466 Iningat Ilagiit\",\"url\":\"https:\/\/iningatilagiit.ca\/fr\/\",\"logo\":{\"@type\":\"ImageObject\",\"inLanguage\":\"fr-FR\",\"@id\":\"https:\/\/iningatilagiit.ca\/fr\/#\/schema\/logo\/image\/\",\"url\":\"https:\/\/iningatilagiit.ca\/wp-content\/uploads\/2022\/09\/ININGAT-ILAGIIT-LOGO-Black.png\",\"contentUrl\":\"https:\/\/iningatilagiit.ca\/wp-content\/uploads\/2022\/09\/ININGAT-ILAGIIT-LOGO-Black.png\",\"width\":884,\"height\":203,\"caption\":\"\u1403\u14c2\u1593\u1466 \u1403\u14da\u148c\u1466 Iningat Ilagiit\"},\"image\":{\"@id\":\"https:\/\/iningatilagiit.ca\/fr\/#\/schema\/logo\/image\/\"}}]}<\/script>\n<!-- \/ Yoast SEO plugin. -->","yoast_head_json":{"title":"Nous Joindre | \u1403\u14c2\u1593\u1466 \u1403\u14da\u148c\u1466 Iningat Ilagiit","robots":{"index":"index","follow":"follow","max-snippet":"max-snippet:-1","max-image-preview":"max-image-preview:large","max-video-preview":"max-video-preview:-1"},"canonical":"https:\/\/iningatilagiit.ca\/fr\/nous-joindre\/","og_locale":"fr_FR","og_type":"article","og_title":"Nous Joindre | \u1403\u14c2\u1593\u1466 \u1403\u14da\u148c\u1466 Iningat Ilagiit","og_description":"Faites-nous part de vos commentaires&nbsp;! Positifs ou n\u00e9gatifs, nous prendrons votre opinion en consid\u00e9ration afin d\u2019assurer que tous les utilisateurs trouvent leur place. Veuillez utilisez les formulaires ci-dessous pour nous faire part de vos commentaires, questions et pr\u00e9occupations. NOTE&nbsp;:&nbsp;Vos commentaires seront achemin\u00e9s au Mus\u00e9e canadien de l\u2019histoire (MCH) qui est responsable du Mus\u00e9e num\u00e9riques Canada [&hellip;]","og_url":"https:\/\/iningatilagiit.ca\/fr\/nous-joindre\/","og_site_name":"\u1403\u14c2\u1593\u1466 \u1403\u14da\u148c\u1466 Iningat Ilagiit","article_modified_time":"2024-02-16T23:43:47+00:00","twitter_card":"summary_large_image","twitter_misc":{"Dur\u00e9e de lecture estim\u00e9e":"1 minute"},"schema":{"@context":"https:\/\/schema.org","@graph":[{"@type":"WebPage","@id":"https:\/\/iningatilagiit.ca\/fr\/nous-joindre\/","url":"https:\/\/iningatilagiit.ca\/fr\/nous-joindre\/","name":"Nous Joindre | \u1403\u14c2\u1593\u1466 \u1403\u14da\u148c\u1466 Iningat Ilagiit","isPartOf":{"@id":"https:\/\/iningatilagiit.ca\/fr\/#website"},"datePublished":"2022-09-24T00:00:11+00:00","dateModified":"2024-02-16T23:43:47+00:00","breadcrumb":{"@id":"https:\/\/iningatilagiit.ca\/fr\/nous-joindre\/#breadcrumb"},"inLanguage":"fr-FR","potentialAction":[{"@type":"ReadAction","target":["https:\/\/iningatilagiit.ca\/fr\/nous-joindre\/"]}]},{"@type":"BreadcrumbList","@id":"https:\/\/iningatilagiit.ca\/fr\/nous-joindre\/#breadcrumb","itemListElement":[{"@type":"ListItem","position":1,"name":"Home","item":"https:\/\/iningatilagiit.ca\/fr\/"},{"@type":"ListItem","position":2,"name":"Nous Joindre"}]},{"@type":"WebSite","@id":"https:\/\/iningatilagiit.ca\/fr\/#website","url":"https:\/\/iningatilagiit.ca\/fr\/","name":"\u1403\u14c2\u1593\u1466 \u1403\u14da\u148c\u1466 Iningat Ilagiit","description":"Connecting through the Cape Dorset Archive","publisher":{"@id":"https:\/\/iningatilagiit.ca\/fr\/#organization"},"potentialAction":[{"@type":"SearchAction","target":{"@type":"EntryPoint","urlTemplate":"https:\/\/iningatilagiit.ca\/fr\/?s={search_term_string}"},"query-input":{"@type":"PropertyValueSpecification","valueRequired":true,"valueName":"search_term_string"}}],"inLanguage":"fr-FR"},{"@type":"Organization","@id":"https:\/\/iningatilagiit.ca\/fr\/#organization","name":"\u1403\u14c2\u1593\u1466 \u1403\u14da\u148c\u1466 Iningat Ilagiit","url":"https:\/\/iningatilagiit.ca\/fr\/","logo":{"@type":"ImageObject","inLanguage":"fr-FR","@id":"https:\/\/iningatilagiit.ca\/fr\/#\/schema\/logo\/image\/","url":"https:\/\/iningatilagiit.ca\/wp-content\/uploads\/2022\/09\/ININGAT-ILAGIIT-LOGO-Black.png","contentUrl":"https:\/\/iningatilagiit.ca\/wp-content\/uploads\/2022\/09\/ININGAT-ILAGIIT-LOGO-Black.png","width":884,"height":203,"caption":"\u1403\u14c2\u1593\u1466 \u1403\u14da\u148c\u1466 Iningat Ilagiit"},"image":{"@id":"https:\/\/iningatilagiit.ca\/fr\/#\/schema\/logo\/image\/"}}]}},"_links":{"self":[{"href":"https:\/\/iningatilagiit.ca\/fr\/wp-json\/wp\/v2\/pages\/37223610880","targetHints":{"allow":["GET"]}}],"collection":[{"href":"https:\/\/iningatilagiit.ca\/fr\/wp-json\/wp\/v2\/pages"}],"about":[{"href":"https:\/\/iningatilagiit.ca\/fr\/wp-json\/wp\/v2\/types\/page"}],"author":[{"embeddable":true,"href":"https:\/\/iningatilagiit.ca\/fr\/wp-json\/wp\/v2\/users\/1"}],"replies":[{"embeddable":true,"href":"https:\/\/iningatilagiit.ca\/fr\/wp-json\/wp\/v2\/comments?post=37223610880"}],"version-history":[{"count":0,"href":"https:\/\/iningatilagiit.ca\/fr\/wp-json\/wp\/v2\/pages\/37223610880\/revisions"}],"wp:attachment":[{"href":"https:\/\/iningatilagiit.ca\/fr\/wp-json\/wp\/v2\/media?parent=37223610880"}],"curies":[{"name":"wp","href":"https:\/\/api.w.org\/{rel}","templated":true}]}}