{"id":37223609707,"date":"2022-09-23T19:58:49","date_gmt":"2022-09-23T23:58:49","guid":{"rendered":"https:\/\/iningatilagiit.ca\/partenaires\/"},"modified":"2023-04-06T16:34:23","modified_gmt":"2023-04-06T20:34:23","slug":"partenaires","status":"publish","type":"page","link":"https:\/\/iningatilagiit.ca\/fr\/partenaires\/","title":{"rendered":"PARTENAIRES"},"content":{"rendered":"\n<h2 class=\"wp-block-heading\">Dorset Fine Arts<\/h2>\n\n<p>Depuis son apparition dans les ann\u00e9es 50 en tant que centre cr\u00e9atif et incubateur culturel, Cape Dorset, au c\u0153ur du cercle arctique canadien, au Nunavut, est une source de dessins, estampes et sculptures de classe mondiale. Sous la tutelle de la West Baffin Eskimo Cooperative et de sa division marketing Dorset Fine Arts, l\u2019art inuit canadien a trouv\u00e9 sa place parmi les plus belles collections, expositions et publications au monde. La contribution unique des artistes de Cape Dorset a enrichi le discours g\u00e9n\u00e9ral sur l\u2019art contemporain et a permis de cr\u00e9er un profil cr\u00e9atif distinctif pour le Canada. Afin de pr\u00e9server la vitalit\u00e9 de l\u2019art inuit, le milieu a besoin de ressources accrues et d\u2019un stimulus renouvel\u00e9 \u2013 le maintien de l\u2019h\u00e9ritage de Cape Dorset n\u00e9cessite un investissement continu dans la cr\u00e9ation et la promotion de l\u2019art inuit.<\/p>\n\n<p>Tout au long de son histoire, la coop\u00e9rative West Baffin Eskimo a connu un succ\u00e8s financier et est rest\u00e9e presque enti\u00e8rement durable gr\u00e2ce \u00e0 ses propres revenus. Cependant, quelque soixante ans plus tard, le monde des affaires a consid\u00e9rablement chang\u00e9 avec de nouveaux mod\u00e8les de r\u00e9ussite largement adopt\u00e9s dans un environnement de plus en plus concurrentiel. Dans le contexte des arts visuels commerciaux en particulier, l\u2019app\u00e9tit international grandissant pour les produits culturels constitue \u00e0 la fois une opportunit\u00e9 excitante et un d\u00e9fi de taille. Le projet Legacy est une initiative cibl\u00e9e destin\u00e9e \u00e0 r\u00e9pondre \u00e0 ce territoire en mutation \u2013 sa conception est imm\u00e9diatement essentielle pour d\u00e9clencher une renaissance de l\u2019art inuit tout en pr\u00e9servant la dynamique future.<\/p>\n\n<figure class=\"wp-block-image size-full is-resized\"><img loading=\"lazy\" decoding=\"async\" src=\"https:\/\/iningatilagiit.ca\/wp-content\/uploads\/2023\/04\/dorsetlogo.jpg\" alt=\"\" class=\"wp-image-37223610993\" width=\"450\" height=\"307\" srcset=\"https:\/\/iningatilagiit.ca\/wp-content\/uploads\/2023\/04\/dorsetlogo.jpg 900w, https:\/\/iningatilagiit.ca\/wp-content\/uploads\/2023\/04\/dorsetlogo-300x205.jpg 300w, https:\/\/iningatilagiit.ca\/wp-content\/uploads\/2023\/04\/dorsetlogo-768x524.jpg 768w\" sizes=\"auto, (max-width: 450px) 100vw, 450px\" \/><\/figure>\n\n<p><a href=\"http:\/\/www.dorsetfinearts.com\/\"><\/a><\/p>\n\n<hr class=\"wp-block-separator has-alpha-channel-opacity is-style-wide\"\/>\n\n<h2 class=\"wp-block-heading\">Collection McMichael d\u2019art canadien<\/h2>\n\n<p>La Collection McMichael d\u2019art canadien est le seul mus\u00e9e public au pays qui est consacr\u00e9 \u00e0 l\u2019art canadien et autochtone, tant ancien que contemporain. La collection permanente r\u00e9unit plus de 6400 \u0153uvres de Tom Thomson, du Groupe des Sept et de leurs contemporains, ainsi que d\u2019artistes autochtones, m\u00e9tis, inuits et contemporains qui ont contribu\u00e9 au d\u00e9veloppement de l\u2019art canadien. Le McMichael loge \u00e9galement les archives du Cape Dorset, qui compte plus de 100 000 \u0153uvres d\u2019art inuit sur papier. Le McMichael se veut une c\u00e9l\u00e9bration de l\u2019art du Canada.<\/p>\n\n<figure class=\"wp-block-image size-full is-resized\"><img loading=\"lazy\" decoding=\"async\" src=\"https:\/\/iningatilagiit.ca\/wp-content\/uploads\/2023\/04\/logo.jpg\" alt=\"\" class=\"wp-image-37223610996\" width=\"472\" height=\"125\" srcset=\"https:\/\/iningatilagiit.ca\/wp-content\/uploads\/2023\/04\/logo.jpg 943w, https:\/\/iningatilagiit.ca\/wp-content\/uploads\/2023\/04\/logo-300x80.jpg 300w, https:\/\/iningatilagiit.ca\/wp-content\/uploads\/2023\/04\/logo-768x204.jpg 768w\" sizes=\"auto, (max-width: 472px) 100vw, 472px\" \/><\/figure>\n\n<hr class=\"wp-block-separator has-alpha-channel-opacity is-style-wide\"\/>\n\n<h2 class=\"wp-block-heading\"><a href=\"http:\/\/www.mcmichael.com\/\"><\/a>One Ocean Expeditions<\/h2>\n\n<figure class=\"wp-block-image size-full is-resized\"><img loading=\"lazy\" decoding=\"async\" src=\"https:\/\/iningatilagiit.ca\/wp-content\/uploads\/2023\/04\/logo-main.png\" alt=\"\" class=\"wp-image-37223610999\" width=\"450\" height=\"150\" srcset=\"https:\/\/iningatilagiit.ca\/wp-content\/uploads\/2023\/04\/logo-main.png 600w, https:\/\/iningatilagiit.ca\/wp-content\/uploads\/2023\/04\/logo-main-300x100.png 300w\" sizes=\"auto, (max-width: 450px) 100vw, 450px\" \/><\/figure>\n\n<p><a href=\"https:\/\/www.oneoceanexpeditions.com\/\"><\/a><\/p>\n","protected":false},"excerpt":{"rendered":"<p>Dorset Fine Arts Depuis son apparition dans les ann\u00e9es 50 en tant que centre cr\u00e9atif et incubateur culturel, Cape Dorset, au c\u0153ur du cercle arctique canadien, au Nunavut, est une source de dessins, estampes et sculptures de classe mondiale. Sous la tutelle de la West Baffin Eskimo Cooperative et de sa division marketing Dorset Fine [&hellip;]<\/p>\n","protected":false},"author":1,"featured_media":0,"parent":0,"menu_order":0,"comment_status":"closed","ping_status":"closed","template":"","meta":{"footnotes":""},"class_list":["post-37223609707","page","type-page","status-publish","hentry"],"yoast_head":"<!-- This site is optimized with the Yoast SEO plugin v27.1.1 - https:\/\/yoast.com\/product\/yoast-seo-wordpress\/ -->\n<title>PARTENAIRES | \u1403\u14c2\u1593\u1466 \u1403\u14da\u148c\u1466 Iningat Ilagiit<\/title>\n<meta name=\"robots\" content=\"index, follow, max-snippet:-1, max-image-preview:large, max-video-preview:-1\" \/>\n<link rel=\"canonical\" href=\"https:\/\/iningatilagiit.ca\/fr\/partenaires\/\" \/>\n<meta property=\"og:locale\" content=\"fr_FR\" \/>\n<meta property=\"og:type\" content=\"article\" \/>\n<meta property=\"og:title\" content=\"PARTENAIRES | \u1403\u14c2\u1593\u1466 \u1403\u14da\u148c\u1466 Iningat Ilagiit\" \/>\n<meta property=\"og:description\" content=\"Dorset Fine Arts Depuis son apparition dans les ann\u00e9es 50 en tant que centre cr\u00e9atif et incubateur culturel, Cape Dorset, au c\u0153ur du cercle arctique canadien, au Nunavut, est une source de dessins, estampes et sculptures de classe mondiale. Sous la tutelle de la West Baffin Eskimo Cooperative et de sa division marketing Dorset Fine [&hellip;]\" \/>\n<meta property=\"og:url\" content=\"https:\/\/iningatilagiit.ca\/fr\/partenaires\/\" \/>\n<meta property=\"og:site_name\" content=\"\u1403\u14c2\u1593\u1466 \u1403\u14da\u148c\u1466 Iningat Ilagiit\" \/>\n<meta property=\"article:modified_time\" content=\"2023-04-06T20:34:23+00:00\" \/>\n<meta property=\"og:image\" content=\"https:\/\/iningatilagiit.ca\/wp-content\/uploads\/2023\/04\/dorsetlogo.jpg\" \/>\n<meta name=\"twitter:card\" content=\"summary_large_image\" \/>\n<meta name=\"twitter:label1\" content=\"Dur\u00e9e de lecture estim\u00e9e\" \/>\n\t<meta name=\"twitter:data1\" content=\"2 minutes\" \/>\n<script type=\"application\/ld+json\" class=\"yoast-schema-graph\">{\"@context\":\"https:\/\/schema.org\",\"@graph\":[{\"@type\":\"WebPage\",\"@id\":\"https:\/\/iningatilagiit.ca\/fr\/partenaires\/\",\"url\":\"https:\/\/iningatilagiit.ca\/fr\/partenaires\/\",\"name\":\"PARTENAIRES | \u1403\u14c2\u1593\u1466 \u1403\u14da\u148c\u1466 Iningat Ilagiit\",\"isPartOf\":{\"@id\":\"https:\/\/iningatilagiit.ca\/fr\/#website\"},\"primaryImageOfPage\":{\"@id\":\"https:\/\/iningatilagiit.ca\/fr\/partenaires\/#primaryimage\"},\"image\":{\"@id\":\"https:\/\/iningatilagiit.ca\/fr\/partenaires\/#primaryimage\"},\"thumbnailUrl\":\"https:\/\/iningatilagiit.ca\/wp-content\/uploads\/2023\/04\/dorsetlogo.jpg\",\"datePublished\":\"2022-09-23T23:58:49+00:00\",\"dateModified\":\"2023-04-06T20:34:23+00:00\",\"breadcrumb\":{\"@id\":\"https:\/\/iningatilagiit.ca\/fr\/partenaires\/#breadcrumb\"},\"inLanguage\":\"fr-FR\",\"potentialAction\":[{\"@type\":\"ReadAction\",\"target\":[\"https:\/\/iningatilagiit.ca\/fr\/partenaires\/\"]}]},{\"@type\":\"ImageObject\",\"inLanguage\":\"fr-FR\",\"@id\":\"https:\/\/iningatilagiit.ca\/fr\/partenaires\/#primaryimage\",\"url\":\"https:\/\/iningatilagiit.ca\/wp-content\/uploads\/2023\/04\/dorsetlogo.jpg\",\"contentUrl\":\"https:\/\/iningatilagiit.ca\/wp-content\/uploads\/2023\/04\/dorsetlogo.jpg\"},{\"@type\":\"BreadcrumbList\",\"@id\":\"https:\/\/iningatilagiit.ca\/fr\/partenaires\/#breadcrumb\",\"itemListElement\":[{\"@type\":\"ListItem\",\"position\":1,\"name\":\"Home\",\"item\":\"https:\/\/iningatilagiit.ca\/fr\/\"},{\"@type\":\"ListItem\",\"position\":2,\"name\":\"PARTENAIRES\"}]},{\"@type\":\"WebSite\",\"@id\":\"https:\/\/iningatilagiit.ca\/fr\/#website\",\"url\":\"https:\/\/iningatilagiit.ca\/fr\/\",\"name\":\"\u1403\u14c2\u1593\u1466 \u1403\u14da\u148c\u1466 Iningat Ilagiit\",\"description\":\"Connecting through the Cape Dorset Archive\",\"publisher\":{\"@id\":\"https:\/\/iningatilagiit.ca\/fr\/#organization\"},\"potentialAction\":[{\"@type\":\"SearchAction\",\"target\":{\"@type\":\"EntryPoint\",\"urlTemplate\":\"https:\/\/iningatilagiit.ca\/fr\/?s={search_term_string}\"},\"query-input\":{\"@type\":\"PropertyValueSpecification\",\"valueRequired\":true,\"valueName\":\"search_term_string\"}}],\"inLanguage\":\"fr-FR\"},{\"@type\":\"Organization\",\"@id\":\"https:\/\/iningatilagiit.ca\/fr\/#organization\",\"name\":\"\u1403\u14c2\u1593\u1466 \u1403\u14da\u148c\u1466 Iningat Ilagiit\",\"url\":\"https:\/\/iningatilagiit.ca\/fr\/\",\"logo\":{\"@type\":\"ImageObject\",\"inLanguage\":\"fr-FR\",\"@id\":\"https:\/\/iningatilagiit.ca\/fr\/#\/schema\/logo\/image\/\",\"url\":\"https:\/\/iningatilagiit.ca\/wp-content\/uploads\/2022\/09\/ININGAT-ILAGIIT-LOGO-Black.png\",\"contentUrl\":\"https:\/\/iningatilagiit.ca\/wp-content\/uploads\/2022\/09\/ININGAT-ILAGIIT-LOGO-Black.png\",\"width\":884,\"height\":203,\"caption\":\"\u1403\u14c2\u1593\u1466 \u1403\u14da\u148c\u1466 Iningat Ilagiit\"},\"image\":{\"@id\":\"https:\/\/iningatilagiit.ca\/fr\/#\/schema\/logo\/image\/\"}}]}<\/script>\n<!-- \/ Yoast SEO plugin. -->","yoast_head_json":{"title":"PARTENAIRES | \u1403\u14c2\u1593\u1466 \u1403\u14da\u148c\u1466 Iningat Ilagiit","robots":{"index":"index","follow":"follow","max-snippet":"max-snippet:-1","max-image-preview":"max-image-preview:large","max-video-preview":"max-video-preview:-1"},"canonical":"https:\/\/iningatilagiit.ca\/fr\/partenaires\/","og_locale":"fr_FR","og_type":"article","og_title":"PARTENAIRES | \u1403\u14c2\u1593\u1466 \u1403\u14da\u148c\u1466 Iningat Ilagiit","og_description":"Dorset Fine Arts Depuis son apparition dans les ann\u00e9es 50 en tant que centre cr\u00e9atif et incubateur culturel, Cape Dorset, au c\u0153ur du cercle arctique canadien, au Nunavut, est une source de dessins, estampes et sculptures de classe mondiale. Sous la tutelle de la West Baffin Eskimo Cooperative et de sa division marketing Dorset Fine [&hellip;]","og_url":"https:\/\/iningatilagiit.ca\/fr\/partenaires\/","og_site_name":"\u1403\u14c2\u1593\u1466 \u1403\u14da\u148c\u1466 Iningat Ilagiit","article_modified_time":"2023-04-06T20:34:23+00:00","og_image":[{"url":"https:\/\/iningatilagiit.ca\/wp-content\/uploads\/2023\/04\/dorsetlogo.jpg","type":"","width":"","height":""}],"twitter_card":"summary_large_image","twitter_misc":{"Dur\u00e9e de lecture estim\u00e9e":"2 minutes"},"schema":{"@context":"https:\/\/schema.org","@graph":[{"@type":"WebPage","@id":"https:\/\/iningatilagiit.ca\/fr\/partenaires\/","url":"https:\/\/iningatilagiit.ca\/fr\/partenaires\/","name":"PARTENAIRES | \u1403\u14c2\u1593\u1466 \u1403\u14da\u148c\u1466 Iningat Ilagiit","isPartOf":{"@id":"https:\/\/iningatilagiit.ca\/fr\/#website"},"primaryImageOfPage":{"@id":"https:\/\/iningatilagiit.ca\/fr\/partenaires\/#primaryimage"},"image":{"@id":"https:\/\/iningatilagiit.ca\/fr\/partenaires\/#primaryimage"},"thumbnailUrl":"https:\/\/iningatilagiit.ca\/wp-content\/uploads\/2023\/04\/dorsetlogo.jpg","datePublished":"2022-09-23T23:58:49+00:00","dateModified":"2023-04-06T20:34:23+00:00","breadcrumb":{"@id":"https:\/\/iningatilagiit.ca\/fr\/partenaires\/#breadcrumb"},"inLanguage":"fr-FR","potentialAction":[{"@type":"ReadAction","target":["https:\/\/iningatilagiit.ca\/fr\/partenaires\/"]}]},{"@type":"ImageObject","inLanguage":"fr-FR","@id":"https:\/\/iningatilagiit.ca\/fr\/partenaires\/#primaryimage","url":"https:\/\/iningatilagiit.ca\/wp-content\/uploads\/2023\/04\/dorsetlogo.jpg","contentUrl":"https:\/\/iningatilagiit.ca\/wp-content\/uploads\/2023\/04\/dorsetlogo.jpg"},{"@type":"BreadcrumbList","@id":"https:\/\/iningatilagiit.ca\/fr\/partenaires\/#breadcrumb","itemListElement":[{"@type":"ListItem","position":1,"name":"Home","item":"https:\/\/iningatilagiit.ca\/fr\/"},{"@type":"ListItem","position":2,"name":"PARTENAIRES"}]},{"@type":"WebSite","@id":"https:\/\/iningatilagiit.ca\/fr\/#website","url":"https:\/\/iningatilagiit.ca\/fr\/","name":"\u1403\u14c2\u1593\u1466 \u1403\u14da\u148c\u1466 Iningat Ilagiit","description":"Connecting through the Cape Dorset Archive","publisher":{"@id":"https:\/\/iningatilagiit.ca\/fr\/#organization"},"potentialAction":[{"@type":"SearchAction","target":{"@type":"EntryPoint","urlTemplate":"https:\/\/iningatilagiit.ca\/fr\/?s={search_term_string}"},"query-input":{"@type":"PropertyValueSpecification","valueRequired":true,"valueName":"search_term_string"}}],"inLanguage":"fr-FR"},{"@type":"Organization","@id":"https:\/\/iningatilagiit.ca\/fr\/#organization","name":"\u1403\u14c2\u1593\u1466 \u1403\u14da\u148c\u1466 Iningat Ilagiit","url":"https:\/\/iningatilagiit.ca\/fr\/","logo":{"@type":"ImageObject","inLanguage":"fr-FR","@id":"https:\/\/iningatilagiit.ca\/fr\/#\/schema\/logo\/image\/","url":"https:\/\/iningatilagiit.ca\/wp-content\/uploads\/2022\/09\/ININGAT-ILAGIIT-LOGO-Black.png","contentUrl":"https:\/\/iningatilagiit.ca\/wp-content\/uploads\/2022\/09\/ININGAT-ILAGIIT-LOGO-Black.png","width":884,"height":203,"caption":"\u1403\u14c2\u1593\u1466 \u1403\u14da\u148c\u1466 Iningat Ilagiit"},"image":{"@id":"https:\/\/iningatilagiit.ca\/fr\/#\/schema\/logo\/image\/"}}]}},"_links":{"self":[{"href":"https:\/\/iningatilagiit.ca\/fr\/wp-json\/wp\/v2\/pages\/37223609707","targetHints":{"allow":["GET"]}}],"collection":[{"href":"https:\/\/iningatilagiit.ca\/fr\/wp-json\/wp\/v2\/pages"}],"about":[{"href":"https:\/\/iningatilagiit.ca\/fr\/wp-json\/wp\/v2\/types\/page"}],"author":[{"embeddable":true,"href":"https:\/\/iningatilagiit.ca\/fr\/wp-json\/wp\/v2\/users\/1"}],"replies":[{"embeddable":true,"href":"https:\/\/iningatilagiit.ca\/fr\/wp-json\/wp\/v2\/comments?post=37223609707"}],"version-history":[{"count":0,"href":"https:\/\/iningatilagiit.ca\/fr\/wp-json\/wp\/v2\/pages\/37223609707\/revisions"}],"wp:attachment":[{"href":"https:\/\/iningatilagiit.ca\/fr\/wp-json\/wp\/v2\/media?parent=37223609707"}],"curies":[{"name":"wp","href":"https:\/\/api.w.org\/{rel}","templated":true}]}}