{"id":37223598716,"date":"2022-09-23T20:00:33","date_gmt":"2022-09-24T00:00:33","guid":{"rendered":"https:\/\/iningatilagiit.ca\/explorez-collectionnez\/"},"modified":"2023-11-29T12:19:34","modified_gmt":"2023-11-29T17:19:34","slug":"explorez-collectionnez","status":"publish","type":"page","link":"https:\/\/iningatilagiit.ca\/fr\/explorez-collectionnez\/","title":{"rendered":"Explorez &amp; Collectionnez"},"content":{"rendered":"\n<p>Sur ce site, vous pouvez rechercher plus de 81 000 \u0153uvres d\u2019artistes Kinngait (Cape Dorset) qui font parti des archives Cape Dorset conserv\u00e9es \u00e0 la Collection McMichael d\u2019art canadien.<\/p>\n\n<p>Vous voulez faire autre chose que consulter la collection ? <strong>Cliquez sur l\u2019\u00e9toile des \u0153uvres qui vous plaisent pour les ajouter \u00e0 votre collection num\u00e9rique.<\/strong> Servez-vous de votre collection pour monter votre propre exposition virtuelle.<\/p>\n","protected":false},"excerpt":{"rendered":"<p>Sur ce site, vous pouvez rechercher plus de 81 000 \u0153uvres d\u2019artistes Kinngait (Cape Dorset) qui font parti des archives Cape Dorset conserv\u00e9es \u00e0 la Collection McMichael d\u2019art canadien. Vous voulez faire autre chose que consulter la collection ? Cliquez sur l\u2019\u00e9toile des \u0153uvres qui vous plaisent pour les ajouter \u00e0 votre collection num\u00e9rique. Servez-vous [&hellip;]<\/p>\n","protected":false},"author":1,"featured_media":0,"parent":0,"menu_order":0,"comment_status":"closed","ping_status":"closed","template":"page-search-collect.php","meta":{"footnotes":""},"class_list":["post-37223598716","page","type-page","status-publish","hentry"],"yoast_head":"<!-- This site is optimized with the Yoast SEO plugin v27.1.1 - https:\/\/yoast.com\/product\/yoast-seo-wordpress\/ -->\n<title>Explorez &amp; Collectionnez | \u1403\u14c2\u1593\u1466 \u1403\u14da\u148c\u1466 Iningat Ilagiit<\/title>\n<meta name=\"robots\" content=\"index, follow, max-snippet:-1, max-image-preview:large, max-video-preview:-1\" \/>\n<link rel=\"canonical\" href=\"https:\/\/iningatilagiit.ca\/fr\/explorez-collectionnez\/\" \/>\n<meta property=\"og:locale\" content=\"fr_FR\" \/>\n<meta property=\"og:type\" content=\"article\" \/>\n<meta property=\"og:title\" content=\"Explorez &amp; Collectionnez | \u1403\u14c2\u1593\u1466 \u1403\u14da\u148c\u1466 Iningat Ilagiit\" \/>\n<meta property=\"og:description\" content=\"Sur ce site, vous pouvez rechercher plus de 81 000 \u0153uvres d\u2019artistes Kinngait (Cape Dorset) qui font parti des archives Cape Dorset conserv\u00e9es \u00e0 la Collection McMichael d\u2019art canadien. Vous voulez faire autre chose que consulter la collection ? Cliquez sur l\u2019\u00e9toile des \u0153uvres qui vous plaisent pour les ajouter \u00e0 votre collection num\u00e9rique. Servez-vous [&hellip;]\" \/>\n<meta property=\"og:url\" content=\"https:\/\/iningatilagiit.ca\/fr\/explorez-collectionnez\/\" \/>\n<meta property=\"og:site_name\" content=\"\u1403\u14c2\u1593\u1466 \u1403\u14da\u148c\u1466 Iningat Ilagiit\" \/>\n<meta property=\"article:modified_time\" content=\"2023-11-29T17:19:34+00:00\" \/>\n<meta name=\"twitter:card\" content=\"summary_large_image\" \/>\n<script type=\"application\/ld+json\" class=\"yoast-schema-graph\">{\"@context\":\"https:\/\/schema.org\",\"@graph\":[{\"@type\":\"WebPage\",\"@id\":\"https:\/\/iningatilagiit.ca\/fr\/explorez-collectionnez\/\",\"url\":\"https:\/\/iningatilagiit.ca\/fr\/explorez-collectionnez\/\",\"name\":\"Explorez &amp; Collectionnez | \u1403\u14c2\u1593\u1466 \u1403\u14da\u148c\u1466 Iningat Ilagiit\",\"isPartOf\":{\"@id\":\"https:\/\/iningatilagiit.ca\/fr\/#website\"},\"datePublished\":\"2022-09-24T00:00:33+00:00\",\"dateModified\":\"2023-11-29T17:19:34+00:00\",\"breadcrumb\":{\"@id\":\"https:\/\/iningatilagiit.ca\/fr\/explorez-collectionnez\/#breadcrumb\"},\"inLanguage\":\"fr-FR\",\"potentialAction\":[{\"@type\":\"ReadAction\",\"target\":[\"https:\/\/iningatilagiit.ca\/fr\/explorez-collectionnez\/\"]}]},{\"@type\":\"BreadcrumbList\",\"@id\":\"https:\/\/iningatilagiit.ca\/fr\/explorez-collectionnez\/#breadcrumb\",\"itemListElement\":[{\"@type\":\"ListItem\",\"position\":1,\"name\":\"Home\",\"item\":\"https:\/\/iningatilagiit.ca\/fr\/\"},{\"@type\":\"ListItem\",\"position\":2,\"name\":\"Explorez &amp; Collectionnez\"}]},{\"@type\":\"WebSite\",\"@id\":\"https:\/\/iningatilagiit.ca\/fr\/#website\",\"url\":\"https:\/\/iningatilagiit.ca\/fr\/\",\"name\":\"\u1403\u14c2\u1593\u1466 \u1403\u14da\u148c\u1466 Iningat Ilagiit\",\"description\":\"Connecting through the Cape Dorset Archive\",\"publisher\":{\"@id\":\"https:\/\/iningatilagiit.ca\/fr\/#organization\"},\"potentialAction\":[{\"@type\":\"SearchAction\",\"target\":{\"@type\":\"EntryPoint\",\"urlTemplate\":\"https:\/\/iningatilagiit.ca\/fr\/?s={search_term_string}\"},\"query-input\":{\"@type\":\"PropertyValueSpecification\",\"valueRequired\":true,\"valueName\":\"search_term_string\"}}],\"inLanguage\":\"fr-FR\"},{\"@type\":\"Organization\",\"@id\":\"https:\/\/iningatilagiit.ca\/fr\/#organization\",\"name\":\"\u1403\u14c2\u1593\u1466 \u1403\u14da\u148c\u1466 Iningat Ilagiit\",\"url\":\"https:\/\/iningatilagiit.ca\/fr\/\",\"logo\":{\"@type\":\"ImageObject\",\"inLanguage\":\"fr-FR\",\"@id\":\"https:\/\/iningatilagiit.ca\/fr\/#\/schema\/logo\/image\/\",\"url\":\"https:\/\/iningatilagiit.ca\/wp-content\/uploads\/2022\/09\/ININGAT-ILAGIIT-LOGO-Black.png\",\"contentUrl\":\"https:\/\/iningatilagiit.ca\/wp-content\/uploads\/2022\/09\/ININGAT-ILAGIIT-LOGO-Black.png\",\"width\":884,\"height\":203,\"caption\":\"\u1403\u14c2\u1593\u1466 \u1403\u14da\u148c\u1466 Iningat Ilagiit\"},\"image\":{\"@id\":\"https:\/\/iningatilagiit.ca\/fr\/#\/schema\/logo\/image\/\"}}]}<\/script>\n<!-- \/ Yoast SEO plugin. -->","yoast_head_json":{"title":"Explorez &amp; Collectionnez | \u1403\u14c2\u1593\u1466 \u1403\u14da\u148c\u1466 Iningat Ilagiit","robots":{"index":"index","follow":"follow","max-snippet":"max-snippet:-1","max-image-preview":"max-image-preview:large","max-video-preview":"max-video-preview:-1"},"canonical":"https:\/\/iningatilagiit.ca\/fr\/explorez-collectionnez\/","og_locale":"fr_FR","og_type":"article","og_title":"Explorez &amp; Collectionnez | \u1403\u14c2\u1593\u1466 \u1403\u14da\u148c\u1466 Iningat Ilagiit","og_description":"Sur ce site, vous pouvez rechercher plus de 81 000 \u0153uvres d\u2019artistes Kinngait (Cape Dorset) qui font parti des archives Cape Dorset conserv\u00e9es \u00e0 la Collection McMichael d\u2019art canadien. Vous voulez faire autre chose que consulter la collection ? Cliquez sur l\u2019\u00e9toile des \u0153uvres qui vous plaisent pour les ajouter \u00e0 votre collection num\u00e9rique. Servez-vous [&hellip;]","og_url":"https:\/\/iningatilagiit.ca\/fr\/explorez-collectionnez\/","og_site_name":"\u1403\u14c2\u1593\u1466 \u1403\u14da\u148c\u1466 Iningat Ilagiit","article_modified_time":"2023-11-29T17:19:34+00:00","twitter_card":"summary_large_image","schema":{"@context":"https:\/\/schema.org","@graph":[{"@type":"WebPage","@id":"https:\/\/iningatilagiit.ca\/fr\/explorez-collectionnez\/","url":"https:\/\/iningatilagiit.ca\/fr\/explorez-collectionnez\/","name":"Explorez &amp; Collectionnez | \u1403\u14c2\u1593\u1466 \u1403\u14da\u148c\u1466 Iningat Ilagiit","isPartOf":{"@id":"https:\/\/iningatilagiit.ca\/fr\/#website"},"datePublished":"2022-09-24T00:00:33+00:00","dateModified":"2023-11-29T17:19:34+00:00","breadcrumb":{"@id":"https:\/\/iningatilagiit.ca\/fr\/explorez-collectionnez\/#breadcrumb"},"inLanguage":"fr-FR","potentialAction":[{"@type":"ReadAction","target":["https:\/\/iningatilagiit.ca\/fr\/explorez-collectionnez\/"]}]},{"@type":"BreadcrumbList","@id":"https:\/\/iningatilagiit.ca\/fr\/explorez-collectionnez\/#breadcrumb","itemListElement":[{"@type":"ListItem","position":1,"name":"Home","item":"https:\/\/iningatilagiit.ca\/fr\/"},{"@type":"ListItem","position":2,"name":"Explorez &amp; Collectionnez"}]},{"@type":"WebSite","@id":"https:\/\/iningatilagiit.ca\/fr\/#website","url":"https:\/\/iningatilagiit.ca\/fr\/","name":"\u1403\u14c2\u1593\u1466 \u1403\u14da\u148c\u1466 Iningat Ilagiit","description":"Connecting through the Cape Dorset Archive","publisher":{"@id":"https:\/\/iningatilagiit.ca\/fr\/#organization"},"potentialAction":[{"@type":"SearchAction","target":{"@type":"EntryPoint","urlTemplate":"https:\/\/iningatilagiit.ca\/fr\/?s={search_term_string}"},"query-input":{"@type":"PropertyValueSpecification","valueRequired":true,"valueName":"search_term_string"}}],"inLanguage":"fr-FR"},{"@type":"Organization","@id":"https:\/\/iningatilagiit.ca\/fr\/#organization","name":"\u1403\u14c2\u1593\u1466 \u1403\u14da\u148c\u1466 Iningat Ilagiit","url":"https:\/\/iningatilagiit.ca\/fr\/","logo":{"@type":"ImageObject","inLanguage":"fr-FR","@id":"https:\/\/iningatilagiit.ca\/fr\/#\/schema\/logo\/image\/","url":"https:\/\/iningatilagiit.ca\/wp-content\/uploads\/2022\/09\/ININGAT-ILAGIIT-LOGO-Black.png","contentUrl":"https:\/\/iningatilagiit.ca\/wp-content\/uploads\/2022\/09\/ININGAT-ILAGIIT-LOGO-Black.png","width":884,"height":203,"caption":"\u1403\u14c2\u1593\u1466 \u1403\u14da\u148c\u1466 Iningat Ilagiit"},"image":{"@id":"https:\/\/iningatilagiit.ca\/fr\/#\/schema\/logo\/image\/"}}]}},"_links":{"self":[{"href":"https:\/\/iningatilagiit.ca\/fr\/wp-json\/wp\/v2\/pages\/37223598716","targetHints":{"allow":["GET"]}}],"collection":[{"href":"https:\/\/iningatilagiit.ca\/fr\/wp-json\/wp\/v2\/pages"}],"about":[{"href":"https:\/\/iningatilagiit.ca\/fr\/wp-json\/wp\/v2\/types\/page"}],"author":[{"embeddable":true,"href":"https:\/\/iningatilagiit.ca\/fr\/wp-json\/wp\/v2\/users\/1"}],"replies":[{"embeddable":true,"href":"https:\/\/iningatilagiit.ca\/fr\/wp-json\/wp\/v2\/comments?post=37223598716"}],"version-history":[{"count":0,"href":"https:\/\/iningatilagiit.ca\/fr\/wp-json\/wp\/v2\/pages\/37223598716\/revisions"}],"wp:attachment":[{"href":"https:\/\/iningatilagiit.ca\/fr\/wp-json\/wp\/v2\/media?parent=37223598716"}],"curies":[{"name":"wp","href":"https:\/\/api.w.org\/{rel}","templated":true}]}}